{"id":819,"date":"2025-11-07T09:10:05","date_gmt":"2025-11-07T08:10:05","guid":{"rendered":"https:\/\/fliesendecor.artkostudio.com\/?page_id=819"},"modified":"2025-11-07T09:11:39","modified_gmt":"2025-11-07T08:11:39","slug":"trending-choices","status":"publish","type":"page","link":"https:\/\/fliesendecor.artkostudio.com\/cz\/trending-choices\/","title":{"rendered":"Trending choices"},"content":{"rendered":"<div data-elementor-type=\"wp-page\" data-elementor-id=\"819\" class=\"elementor elementor-819\" data-elementor-post-type=\"page\">\n\t\t\t\t<div class=\"elementor-element elementor-element-5386c66 e-con-full wd-section-stretch-content e-flex e-con e-parent\" data-id=\"5386c66\" data-element_type=\"container\">\n\t\t\t\t<div class=\"elementor-element elementor-element-17b94a5 elementor-widget elementor-widget-woocommerce-breadcrumb\" data-id=\"17b94a5\" data-element_type=\"widget\" data-widget_type=\"woocommerce-breadcrumb.default\">\n\t\t\t\t\t<nav class=\"wd-breadcrumbs woocommerce-breadcrumb\" aria-label=\"Breadcrumb\">\t\t\t\t<span class=\"wd-last\">\n\t\t\t\t\tDom\u016f\t\t\t\t<\/span>\n\t\t\t<\/nav>\t\t\t\t<\/div>\n\t\t\t\t<div class=\"elementor-element elementor-element-c1d0551 wd-width-100 elementor-widget elementor-widget-wd_products\" data-id=\"c1d0551\" data-element_type=\"widget\" data-widget_type=\"wd_products.default\">\n\t\t\t\t<div class=\"elementor-widget-container\">\n\t\t\t\t\t\t\t\t\t\t<div class=\"wd-products-element\">\n\n\t\t\t\n\t\t\t\n\t\t\t\n\t\t\t\n\t\t\t<div class=\"products wd-products grid-columns-4 elements-grid title-line-two wd-grid-g wd-stretch-cont-lg wd-stretch-cont-md wd-stretch-cont-sm wd-products-with-bg\" data-paged=\"1\" data-atts=\"{&quot;speed&quot;:null,&quot;slides_per_view&quot;:null,&quot;wrap&quot;:null,&quot;autoplay&quot;:null,&quot;autoheight&quot;:null,&quot;hide_pagination_control&quot;:null,&quot;dynamic_pagination_control&quot;:null,&quot;hide_prev_next_buttons&quot;:null,&quot;carousel_arrows_position&quot;:null,&quot;hide_scrollbar&quot;:null,&quot;scroll_per_page&quot;:null,&quot;center_mode&quot;:null,&quot;post_type&quot;:&quot;featured&quot;,&quot;spacing&quot;:&quot;&quot;,&quot;carousel_sync&quot;:null,&quot;sync_parent_id&quot;:null,&quot;sync_child_id&quot;:null,&quot;scroll_carousel_init&quot;:null,&quot;disable_overflow_carousel&quot;:null,&quot;include&quot;:null,&quot;meta_key&quot;:null,&quot;shop_tools&quot;:null,&quot;ajax_recently_viewed&quot;:null,&quot;pagination_arrows_position&quot;:null,&quot;columns&quot;:{&quot;unit&quot;:&quot;px&quot;,&quot;size&quot;:4,&quot;sizes&quot;:[]},&quot;products_masonry&quot;:&quot;&quot;,&quot;products_different_sizes&quot;:&quot;&quot;,&quot;product_quantity&quot;:&quot;&quot;,&quot;sale_countdown&quot;:&quot;0&quot;,&quot;stretch_product&quot;:null,&quot;stock_progress_bar&quot;:&quot;0&quot;,&quot;highlighted_products&quot;:&quot;0&quot;,&quot;products_divider&quot;:null,&quot;products_bordered_grid&quot;:&quot;0&quot;,&quot;products_bordered_grid_style&quot;:null,&quot;products_with_background&quot;:&quot;1&quot;,&quot;products_shadow&quot;:&quot;0&quot;,&quot;img_size_custom&quot;:null,&quot;grid_gallery_control&quot;:null,&quot;grid_gallery_enable_arrows&quot;:null,&quot;elementor&quot;:true,&quot;force_not_ajax&quot;:&quot;no&quot;}\" data-source=\"shortcode\" data-columns=\"4\" data-grid-gallery=\"\" style=\"--wd-col-lg:4;--wd-col-md:4;--wd-col-sm:2;--wd-gap-lg:10px;--wd-gap-sm:6px;\">\n\t\t\n\t\t\t\t\t\t\t\t<div class=\"wd-product wd-with-labels wd-hover-tiled wd-col product-grid-item product type-product post-732 status-publish onbackorder product_cat-matte-collection has-post-thumbnail sale featured virtual purchasable product-type-simple\" data-loop=\"1\" data-id=\"732\">\n\t\n\t\n<div class=\"product-wrapper\">\n\t<div class=\"product-element-top wd-quick-shop\">\n\t\t<a href=\"https:\/\/fliesendecor.artkostudio.com\/cz\/produkt\/blend-porcelain-tile-matt-finish-r10-pei-3-120%d1%8560\/\" class=\"product-image-link\" aria-label=\"BLEND Porcelain Tile, Matt Finish (R10, PEI 3) 120\u044560\">\n\t\t\t<div class=\"product-labels labels-rounded-sm\"><span class=\"onsale product-label\">-23%<\/span><span class=\"featured product-label\">Hot<\/span><\/div><img fetchpriority=\"high\" decoding=\"async\" width=\"300\" height=\"300\" src=\"https:\/\/fliesendecor.artkostudio.com\/wp-content\/uploads\/2025\/11\/Group-82-300x300.webp\" class=\"attachment-woocommerce_thumbnail size-woocommerce_thumbnail\" alt=\"\" srcset=\"https:\/\/fliesendecor.artkostudio.com\/wp-content\/uploads\/2025\/11\/Group-82-300x300.webp 300w, https:\/\/fliesendecor.artkostudio.com\/wp-content\/uploads\/2025\/11\/Group-82-150x150.webp 150w, https:\/\/fliesendecor.artkostudio.com\/wp-content\/uploads\/2025\/11\/Group-82-600x600.webp 600w, https:\/\/fliesendecor.artkostudio.com\/wp-content\/uploads\/2025\/11\/Group-82-1536x1536.webp 1536w, https:\/\/fliesendecor.artkostudio.com\/wp-content\/uploads\/2025\/11\/Group-82-2048x2048.webp 2048w, https:\/\/fliesendecor.artkostudio.com\/wp-content\/uploads\/2025\/11\/Group-82-12x12.webp 12w\" sizes=\"(max-width: 300px) 100vw, 300px\" \/>\t\t<\/a>\n\n\t\t\t\t\t<div class=\"hover-img\">\n\t\t\t\t<img decoding=\"async\" width=\"300\" height=\"300\" src=\"https:\/\/fliesendecor.artkostudio.com\/wp-content\/uploads\/2025\/11\/Rectangle-356-300x300.webp\" class=\"attachment-woocommerce_thumbnail size-woocommerce_thumbnail\" alt=\"\" srcset=\"https:\/\/fliesendecor.artkostudio.com\/wp-content\/uploads\/2025\/11\/Rectangle-356-300x300.webp 300w, https:\/\/fliesendecor.artkostudio.com\/wp-content\/uploads\/2025\/11\/Rectangle-356-150x150.webp 150w, https:\/\/fliesendecor.artkostudio.com\/wp-content\/uploads\/2025\/11\/Rectangle-356-600x600.webp 600w, https:\/\/fliesendecor.artkostudio.com\/wp-content\/uploads\/2025\/11\/Rectangle-356-1536x1536.webp 1536w, https:\/\/fliesendecor.artkostudio.com\/wp-content\/uploads\/2025\/11\/Rectangle-356-2048x2048.webp 2048w, https:\/\/fliesendecor.artkostudio.com\/wp-content\/uploads\/2025\/11\/Rectangle-356-12x12.webp 12w\" sizes=\"(max-width: 300px) 100vw, 300px\" \/>\t\t\t<\/div>\n\t\t\t\n\t\t<div class=\"wd-buttons wd-pos-r-t\">\n\t\t\t\t\t\t<div class=\"wd-add-btn wd-action-btn wd-style-icon wd-add-cart-icon\"><a href=\"\/cz\/wp-json\/wp\/v2\/pages\/819?add-to-cart=732\" aria-describedby=\"woocommerce_loop_add_to_cart_link_describedby_732\" data-quantity=\"1\" class=\"button product_type_simple add_to_cart_button ajax_add_to_cart add-to-cart-loop\" data-product_id=\"732\" data-product_sku=\"174 072-1\" aria-label=\"P\u0159idat do ko\u0161\u00edku: \u201cBLEND Porcelain Tile, Matt Finish (R10, PEI 3) 120\u044560\u201d\" rel=\"nofollow\" data-success_message=\"\u201cBLEND Porcelain Tile, Matt Finish (R10, PEI 3) 120\u044560\u201d byl p\u0159id\u00e1n do ko\u0161\u00edku\" role=\"button\" data-no-translation-aria-label=\"\" data-no-translation-data-success_message=\"\"><span data-no-translation=\"\" data-trp-gettext=\"\">P\u0159idat do ko\u0161\u00edku<\/span><\/a>\t<span id=\"woocommerce_loop_add_to_cart_link_describedby_732\" class=\"screen-reader-text\">\n\t\t\t<\/span>\n<\/div>\n\t\t\t\t\t\t\t\t\t\t\t<\/div>\n\t<\/div>\n\n\t<div class=\"product-element-bottom\">\n\t\t<h3 class=\"wd-entities-title\"><a href=\"https:\/\/fliesendecor.artkostudio.com\/cz\/produkt\/blend-porcelain-tile-matt-finish-r10-pei-3-120%d1%8560\/\">BLEND Porcelain Tile, Matt Finish (R10, PEI 3) 120\u044560<\/a><\/h3>\t\t\t\t\t\t\t\t\t\t\n\t<span class=\"price\"><span class=\"woocs_price_code\" data-currency=\"\" data-redraw-id=\"69dded0bd439f\"  data-product-id=\"732\"><del aria-hidden=\"true\"><span class=\"woocommerce-Price-amount amount\"><bdi>870.00&nbsp;<span class=\"woocommerce-Price-currencySymbol\">&#75;&#269;<\/span><\/bdi><\/span><\/del> <span class=\"screen-reader-text\" data-no-translation=\"\" data-trp-gettext=\"\">P\u016fvodn\u00ed cena byla: 870.00&nbsp;&#075;&#269;.<\/span><ins aria-hidden=\"true\"><span class=\"woocommerce-Price-amount amount\"><bdi>670.00&nbsp;<span class=\"woocommerce-Price-currencySymbol\">&#75;&#269;<\/span><\/bdi><\/span><\/ins><span class=\"screen-reader-text\" data-no-translation=\"\" data-trp-gettext=\"\">Aktu\u00e1ln\u00ed cena je: 670.00&nbsp;&#075;&#269;.<\/span> \/m2<\/span><\/span>\n\n\t\t\n\t\t\t\t\n\t\t\t<\/div>\n<\/div>\n<\/div>\n\t\t\n\t\t\t\t<\/div>\n\t\n\t\t\n\t\t\n\t\t\t\t\t<\/div>\n\t\t\n\t\t\t\t\t\t<\/div>\n\t\t\t\t<\/div>\n\t\t\t\t<\/div>\n\t\t\t\t<\/div>","protected":false},"excerpt":{"rendered":"","protected":false},"author":1,"featured_media":0,"parent":0,"menu_order":0,"comment_status":"closed","ping_status":"closed","template":"","meta":{"_acf_changed":false,"footnotes":""},"class_list":["post-819","page","type-page","status-publish","hentry"],"acf":[],"_links":{"self":[{"href":"https:\/\/fliesendecor.artkostudio.com\/cz\/wp-json\/wp\/v2\/pages\/819","targetHints":{"allow":["GET"]}}],"collection":[{"href":"https:\/\/fliesendecor.artkostudio.com\/cz\/wp-json\/wp\/v2\/pages"}],"about":[{"href":"https:\/\/fliesendecor.artkostudio.com\/cz\/wp-json\/wp\/v2\/types\/page"}],"author":[{"embeddable":true,"href":"https:\/\/fliesendecor.artkostudio.com\/cz\/wp-json\/wp\/v2\/users\/1"}],"replies":[{"embeddable":true,"href":"https:\/\/fliesendecor.artkostudio.com\/cz\/wp-json\/wp\/v2\/comments?post=819"}],"version-history":[{"count":0,"href":"https:\/\/fliesendecor.artkostudio.com\/cz\/wp-json\/wp\/v2\/pages\/819\/revisions"}],"wp:attachment":[{"href":"https:\/\/fliesendecor.artkostudio.com\/cz\/wp-json\/wp\/v2\/media?parent=819"}],"curies":[{"name":"wp","href":"https:\/\/api.w.org\/{rel}","templated":true}]}}